{"id":628,"date":"2018-11-19T13:16:04","date_gmt":"2018-11-19T11:16:04","guid":{"rendered":"https:\/\/31doorshotel.com\/experiences\/"},"modified":"2019-05-14T14:02:09","modified_gmt":"2019-05-14T12:02:09","slug":"experiences","status":"publish","type":"page","link":"https:\/\/31doorshotel.com\/tr\/experiences\/","title":{"rendered":"Deneyimler"},"content":{"rendered":"<p>Hayat\u0131 kendi h\u0131z\u0131n\u0131zda ya\u015fay\u0131n. \u0130ster aksiyonu, maceray\u0131 isterseniz huzuru ve rahatlamay\u0131 tercih ediyor olun, bu sizin se\u00e7iminiz. \u0130ster karada ister denizde tatilinizin en iyi \u015fekilde tad\u0131n\u0131 \u00e7\u0131kar\u0131n.<\/p>\n","protected":false},"excerpt":{"rendered":"<p>Hayat\u0131 kendi h\u0131z\u0131n\u0131zda ya\u015fay\u0131n. \u0130ster aksiyonu, maceray\u0131 isterseniz huzuru ve rahatlamay\u0131 tercih ediyor olun, bu sizin se\u00e7iminiz. \u0130ster karada ister denizde tatilinizin en iyi \u015fekilde tad\u0131n\u0131 \u00e7\u0131kar\u0131n.<\/p>\n","protected":false},"author":1,"featured_media":0,"parent":0,"menu_order":0,"comment_status":"closed","ping_status":"closed","template":"kobo\/experiences.php","meta":[],"acf":[],"_links":{"self":[{"href":"https:\/\/31doorshotel.com\/tr\/wp-json\/wp\/v2\/pages\/628"}],"collection":[{"href":"https:\/\/31doorshotel.com\/tr\/wp-json\/wp\/v2\/pages"}],"about":[{"href":"https:\/\/31doorshotel.com\/tr\/wp-json\/wp\/v2\/types\/page"}],"author":[{"embeddable":true,"href":"https:\/\/31doorshotel.com\/tr\/wp-json\/wp\/v2\/users\/1"}],"replies":[{"embeddable":true,"href":"https:\/\/31doorshotel.com\/tr\/wp-json\/wp\/v2\/comments?post=628"}],"version-history":[{"count":0,"href":"https:\/\/31doorshotel.com\/tr\/wp-json\/wp\/v2\/pages\/628\/revisions"}],"wp:attachment":[{"href":"https:\/\/31doorshotel.com\/tr\/wp-json\/wp\/v2\/media?parent=628"}],"curies":[{"name":"wp","href":"https:\/\/api.w.org\/{rel}","templated":true}]}}