{"id":632,"date":"2018-11-19T13:15:44","date_gmt":"2018-11-19T11:15:44","guid":{"rendered":"https:\/\/31doorshotel.com\/accommodation\/"},"modified":"2019-05-14T13:55:32","modified_gmt":"2019-05-14T11:55:32","slug":"accommodation","status":"publish","type":"page","link":"https:\/\/31doorshotel.com\/tr\/accommodation\/","title":{"rendered":"Konaklama"},"content":{"rendered":"<p>Hepsi sade bir \u015f\u0131kl\u0131k ve huzur dolu bir atmosfer yaratan yeni konfor standartlar\u0131, geni\u015f banyolar, modern teknolojiler ve \u00f6zenli imkanlar sa\u011flayan y\u00fcksek kaliteli yataklarla keyifli bir uykuya dal\u0131n. Her oda ve s\u00fcitte rahatlat\u0131c\u0131 tonlu renklere ve l\u00fcks bir oteldeki t\u00fcm hizmetlere sahip, ancak daha da ki\u015fiselle\u015ftirilmi\u015f modern bir tasar\u0131m bulunmaktad\u0131r.<\/p>\n","protected":false},"excerpt":{"rendered":"<p>Hepsi sade bir \u015f\u0131kl\u0131k ve huzur dolu bir atmosfer yaratan yeni konfor standartlar\u0131, geni\u015f banyolar, modern teknolojiler ve \u00f6zenli imkanlar sa\u011flayan y\u00fcksek kaliteli yataklarla keyifli bir uykuya dal\u0131n. Her oda ve s\u00fcitte rahatlat\u0131c\u0131 tonlu renklere ve l\u00fcks bir oteldeki t\u00fcm&hellip;<\/p>\n","protected":false},"author":1,"featured_media":0,"parent":0,"menu_order":0,"comment_status":"closed","ping_status":"closed","template":"kobo\/rooms.php","meta":[],"acf":[],"_links":{"self":[{"href":"https:\/\/31doorshotel.com\/tr\/wp-json\/wp\/v2\/pages\/632"}],"collection":[{"href":"https:\/\/31doorshotel.com\/tr\/wp-json\/wp\/v2\/pages"}],"about":[{"href":"https:\/\/31doorshotel.com\/tr\/wp-json\/wp\/v2\/types\/page"}],"author":[{"embeddable":true,"href":"https:\/\/31doorshotel.com\/tr\/wp-json\/wp\/v2\/users\/1"}],"replies":[{"embeddable":true,"href":"https:\/\/31doorshotel.com\/tr\/wp-json\/wp\/v2\/comments?post=632"}],"version-history":[{"count":0,"href":"https:\/\/31doorshotel.com\/tr\/wp-json\/wp\/v2\/pages\/632\/revisions"}],"wp:attachment":[{"href":"https:\/\/31doorshotel.com\/tr\/wp-json\/wp\/v2\/media?parent=632"}],"curies":[{"name":"wp","href":"https:\/\/api.w.org\/{rel}","templated":true}]}}