{"id":633,"date":"2018-11-19T13:15:36","date_gmt":"2018-11-19T11:15:36","guid":{"rendered":"https:\/\/31doorshotel.com\/about-us\/"},"modified":"2019-05-14T13:53:53","modified_gmt":"2019-05-14T11:53:53","slug":"about-us","status":"publish","type":"page","link":"https:\/\/31doorshotel.com\/tr\/about-us\/","title":{"rendered":"Hakk\u0131m\u0131zda"},"content":{"rendered":"<p>Modern gezginler d\u00fc\u015f\u00fcn\u00fclerek dizayn edlmi\u015f olan 31 Doors Hotel\u2019da hem i\u015f hem e\u011flence i\u00e7in iyi bir konumdas\u0131n\u0131zd\u0131r. Bizimle unutulmaz bir konaklama deneyimleyin ve her yeni g\u00fcne Kahvalt\u0131 alan\u0131nda zevkinize ayak uydurmak i\u00e7in \u00e7e\u015fitli yerlerden bir araya getirilen bir dizi lezzet ile ba\u015flay\u0131n. A\u011f\u0131z suland\u0131r\u0131c\u0131 i\u00e7e\u00e7eklerin ve Roof Garden Bar&#8217;da muhte\u015fem manzaran\u0131n tad\u0131n\u0131 \u00e7\u0131kar\u0131n ya da tenis oyununda sa\u011f elle vuru\u015f al\u0131\u015ft\u0131rmalar\u0131 yap\u0131n. Bununla birlikte, g\u00fcnlerinizi bizimle ge\u00e7irmeyi se\u00e7mi\u015fseniz, sizi \u015f\u0131martmam\u0131za ve unutulmayacak hat\u0131ralar yaratmam\u0131za izin verin.<\/p>\n<p>Tamam\u0131 sade bir zarafet ve tam bir huzur ortam\u0131 yaratan yeni konfor standartlar\u0131, geni\u015f banyolar, en yeni teknolojiler ve \u00f6zenli imkanlar sunan y\u00fcksek kaliteli yataklarda keyifli bir uykuya dal\u0131n. Her oda ve s\u00fcitte rahatlat\u0131c\u0131 renklere ve l\u00fcks bir oteldeki t\u00fcm hizmetlere sahip, ancak daha da ki\u015fiselle\u015ftirilen modern bir tasar\u0131m bulunmaktad\u0131r.<\/p>\n","protected":false},"excerpt":{"rendered":"<p>Modern gezginler d\u00fc\u015f\u00fcn\u00fclerek dizayn edlmi\u015f olan 31 Doors Hotel\u2019da hem i\u015f hem e\u011flence i\u00e7in iyi bir konumdas\u0131n\u0131zd\u0131r. Bizimle unutulmaz bir konaklama deneyimleyin ve her yeni g\u00fcne Kahvalt\u0131 alan\u0131nda zevkinize ayak uydurmak i\u00e7in \u00e7e\u015fitli yerlerden bir araya getirilen bir dizi lezzet&hellip;<\/p>\n","protected":false},"author":1,"featured_media":0,"parent":0,"menu_order":0,"comment_status":"closed","ping_status":"closed","template":"kobo\/about.php","meta":[],"acf":[],"_links":{"self":[{"href":"https:\/\/31doorshotel.com\/tr\/wp-json\/wp\/v2\/pages\/633"}],"collection":[{"href":"https:\/\/31doorshotel.com\/tr\/wp-json\/wp\/v2\/pages"}],"about":[{"href":"https:\/\/31doorshotel.com\/tr\/wp-json\/wp\/v2\/types\/page"}],"author":[{"embeddable":true,"href":"https:\/\/31doorshotel.com\/tr\/wp-json\/wp\/v2\/users\/1"}],"replies":[{"embeddable":true,"href":"https:\/\/31doorshotel.com\/tr\/wp-json\/wp\/v2\/comments?post=633"}],"version-history":[{"count":0,"href":"https:\/\/31doorshotel.com\/tr\/wp-json\/wp\/v2\/pages\/633\/revisions"}],"wp:attachment":[{"href":"https:\/\/31doorshotel.com\/tr\/wp-json\/wp\/v2\/media?parent=633"}],"curies":[{"name":"wp","href":"https:\/\/api.w.org\/{rel}","templated":true}]}}