{"id":635,"date":"2018-11-19T13:03:16","date_gmt":"2018-11-19T11:03:16","guid":{"rendered":"https:\/\/31doorshotel.com\/home\/"},"modified":"2019-05-14T13:49:21","modified_gmt":"2019-05-14T11:49:21","slug":"home","status":"publish","type":"page","link":"https:\/\/31doorshotel.com\/tr\/","title":{"rendered":"ANA SAYFA"},"content":{"rendered":"<p>Modern rahatl\u0131\u011f\u0131 ve zerafeti birle\u015ftiren 31 Doors Hotel Alexandroupolis (Dedea\u011fa\u00e7)\u2019\u0131n kalbinde bulunan m\u00fckemmel bir ka\u00e7\u0131\u015f yeridir. Denizin panaromik manzaras\u0131, Samothraki adas\u0131 ve rezervasyonla girilebilen yak\u0131nlardaki tenis kortlar\u0131 ile \u015fehrin canl\u0131 ambiyans\u0131 aras\u0131nda \u00f6zg\u00fcn, yerel bir misafirperverlik ve zenginle\u015ftirici deneyimler sunar.<\/p>\n<p>D\u00fc\u015f\u00fcnceli tasar\u0131m detaylar\u0131ndan modern konforlara ve ki\u015fiselle\u015ftirilmi\u015f deneyimlere, otelimizi bu kadar benzersiz k\u0131lan \u015feyleri ke\u015ffedin. Siz ve sevdikleriniz kendinizi evinizde hissedeceksiniz.<\/p>\n","protected":false},"excerpt":{"rendered":"<p>Modern rahatl\u0131\u011f\u0131 ve zerafeti birle\u015ftiren 31 Doors Hotel Alexandroupolis (Dedea\u011fa\u00e7)\u2019\u0131n kalbinde bulunan m\u00fckemmel bir ka\u00e7\u0131\u015f yeridir. Denizin panaromik manzaras\u0131, Samothraki adas\u0131 ve rezervasyonla girilebilen yak\u0131nlardaki tenis kortlar\u0131 ile \u015fehrin canl\u0131 ambiyans\u0131 aras\u0131nda \u00f6zg\u00fcn, yerel bir misafirperverlik ve zenginle\u015ftirici deneyimler sunar.&hellip;<\/p>\n","protected":false},"author":1,"featured_media":0,"parent":0,"menu_order":0,"comment_status":"closed","ping_status":"closed","template":"kobo\/home.php","meta":[],"acf":[],"_links":{"self":[{"href":"https:\/\/31doorshotel.com\/tr\/wp-json\/wp\/v2\/pages\/635"}],"collection":[{"href":"https:\/\/31doorshotel.com\/tr\/wp-json\/wp\/v2\/pages"}],"about":[{"href":"https:\/\/31doorshotel.com\/tr\/wp-json\/wp\/v2\/types\/page"}],"author":[{"embeddable":true,"href":"https:\/\/31doorshotel.com\/tr\/wp-json\/wp\/v2\/users\/1"}],"replies":[{"embeddable":true,"href":"https:\/\/31doorshotel.com\/tr\/wp-json\/wp\/v2\/comments?post=635"}],"version-history":[{"count":0,"href":"https:\/\/31doorshotel.com\/tr\/wp-json\/wp\/v2\/pages\/635\/revisions"}],"wp:attachment":[{"href":"https:\/\/31doorshotel.com\/tr\/wp-json\/wp\/v2\/media?parent=635"}],"curies":[{"name":"wp","href":"https:\/\/api.w.org\/{rel}","templated":true}]}}